{"id":181,"date":"2025-01-17T21:54:11","date_gmt":"2025-01-17T21:54:11","guid":{"rendered":"https:\/\/mci-technology.com.mx\/?page_id=181"},"modified":"2026-03-03T20:17:53","modified_gmt":"2026-03-03T20:17:53","slug":"blog","status":"publish","type":"page","link":"https:\/\/mci-technology.com.mx\/en\/blog\/","title":{"rendered":"Blog"},"content":{"rendered":"<div data-elementor-type=\"wp-page\" data-elementor-id=\"181\" class=\"elementor elementor-181\" data-elementor-post-type=\"page\">\n\t\t\t\t<div class=\"elementor-element elementor-element-4e18686 e-flex e-con-boxed wpr-particle-no wpr-equal-height-no e-con e-parent\" data-id=\"4e18686\" data-element_type=\"container\" data-e-type=\"container\" data-settings=\"{&quot;background_background&quot;:&quot;video&quot;,&quot;background_video_link&quot;:&quot;http:\\\/\\\/mci-technology.com.mx\\\/wp-content\\\/uploads\\\/2024\\\/05\\\/159021-818026286_small.mp4&quot;,&quot;background_video_start&quot;:10}\">\n\t\t\t\t\t<div class=\"e-con-inner\">\n\t\t<div class=\"elementor-background-video-container elementor-hidden-mobile\">\n\t\t\t\t\t\t\t<video class=\"elementor-background-video-hosted\" role=\"presentation\" autoplay muted playsinline loop><\/video>\n\t\t\t\t\t<\/div>\t\t<div class=\"elementor-element elementor-element-e69db7a elementor-invisible elementor-widget elementor-widget-heading\" data-id=\"e69db7a\" data-element_type=\"widget\" data-e-type=\"widget\" data-settings=\"{&quot;_animation&quot;:&quot;fadeInUp&quot;,&quot;_animation_delay&quot;:1}\" data-widget_type=\"heading.default\">\n\t\t\t\t<div class=\"elementor-widget-container\">\n\t\t\t\t\t<h1 class=\"elementor-heading-title elementor-size-default\">BLOG MCI <\/h1>\t\t\t\t<\/div>\n\t\t\t\t<\/div>\n\t\t\t\t\t<\/div>\n\t\t\t\t<\/div>\n\t\t<div class=\"elementor-element elementor-element-7ffa2f3 e-flex e-con-boxed wpr-particle-no wpr-equal-height-no elementor-invisible e-con e-parent\" data-id=\"7ffa2f3\" data-element_type=\"container\" data-e-type=\"container\" data-settings=\"{&quot;background_background&quot;:&quot;classic&quot;,&quot;animation&quot;:&quot;fadeInUp&quot;,&quot;animation_delay&quot;:1}\">\n\t\t\t\t\t<div class=\"e-con-inner\">\n\t\t\t\t<div class=\"elementor-element elementor-element-a7bb0a0 elementor-widget elementor-widget-heading\" data-id=\"a7bb0a0\" data-element_type=\"widget\" data-e-type=\"widget\" data-widget_type=\"heading.default\">\n\t\t\t\t<div class=\"elementor-widget-container\">\n\t\t\t\t\t<h2 class=\"elementor-heading-title elementor-size-default\">Ent\u00e9rate de las principales noticias de la empresa y art\u00edculos de noticias en com\u00fan con el \u00e1rea industrial. \u200b<\/h2>\t\t\t\t<\/div>\n\t\t\t\t<\/div>\n\t\t\t\t<div class=\"elementor-element elementor-element-e1e1146 elementor-widget-tablet__width-initial elementor-widget elementor-widget-text-editor\" data-id=\"e1e1146\" data-element_type=\"widget\" data-e-type=\"widget\" data-widget_type=\"text-editor.default\">\n\t\t\t\t<div class=\"elementor-widget-container\">\n\t\t\t\t\t\t\t\t\t<p>En este espacio, les mantenemos al tanto de todos los emocionantes avances y eventos de nuestra empresa. Aqu\u00ed encontrar\u00e1n las \u00faltimas noticias, actualizaciones y detalles sobre nuestras iniciativas m\u00e1s recientes. Desde nuevos proyectos hasta destacados hitos en nuestra trayectoria, los invitamos a acompa\u00f1arnos en este viaje lleno de innovaci\u00f3n y crecimiento.<\/p><p style=\"text-align: center;\">\u00a1No te pierdas ni un solo detalle!<\/p>\t\t\t\t\t\t\t\t<\/div>\n\t\t\t\t<\/div>\n\t\t\t\t<div class=\"elementor-element elementor-element-56671c1 elementor-widget elementor-widget-wpr-magazine-grid\" data-id=\"56671c1\" data-element_type=\"widget\" data-e-type=\"widget\" data-widget_type=\"wpr-magazine-grid.default\">\n\t\t\t\t<div class=\"elementor-widget-container\">\n\t\t\t\t\t<div class=\"wpr-magazine-grid-wrap\"  data-slide-effect=\"\"><section class=\"wpr-magazine-grid wpr-mgzn-grid-1-1-1 wpr-mgzn-grid-rows-1\"><article class=\"wpr-mgzn-grid-item elementor-clearfix post-29241 post type-post status-publish format-standard has-post-thumbnail hentry category-eventos-mci\"><div class=\"wpr-grid-item-inner\"><div class=\"wpr-grid-media-wrap\" data-overlay-link=\"yes\"><div class=\"wpr-grid-image-wrap\" data-src=\"https:\/\/mci-technology.com.mx\/wp-content\/uploads\/Inge-en-Conferencia.png\" style=\"background-image: url(https:\/\/mci-technology.com.mx\/wp-content\/uploads\/Inge-en-Conferencia.png)\"><\/div><div class=\"wpr-grid-media-hover wpr-animation-wrap\"><div class=\"wpr-grid-media-hover-bg  wpr-overlay-fade-out wpr-anim-size-medium wpr-anim-timing-ease-default wpr-anim-transparency\" data-url=\"https:\/\/mci-technology.com.mx\/en\/innovacion-y-disciplina-lo-que-japon-aporta-a-la-vision-de-mci-technology\/\"><\/div><div class=\"wpr-grid-media-hover-bottom elementor-clearfix\"><div class=\"wpr-grid-item-category elementor-repeater-item-5ff3917 wpr-grid-item-display-block wpr-grid-item-align-left wpr-pointer-none wpr-pointer-line-fx wpr-pointer-fx-fade wpr-grid-tax-style-1\"><div class=\"inner-block\"><a class=\"wpr-tax-id-11\" href=\"https:\/\/mci-technology.com.mx\/en\/category\/eventos-mci\/\">Eventos MCI<\/a><\/div><\/div><div class=\"wpr-grid-item-category elementor-repeater-item-0da9a79 wpr-grid-item-display-block wpr-grid-item-align-left wpr-pointer-none wpr-pointer-line-fx wpr-pointer-fx-fade wpr-grid-tax-style-1\"><div class=\"inner-block\"><a class=\"wpr-tax-id-11\" href=\"https:\/\/mci-technology.com.mx\/en\/category\/eventos-mci\/\">Eventos MCI<\/a><\/div><\/div><h2 class=\"wpr-grid-item-title elementor-repeater-item-53b6efb wpr-grid-item-display-block wpr-grid-item-align-left wpr-pointer-none wpr-pointer-line-fx wpr-pointer-fx-fade\"><div class=\"inner-block\"><a  target=\"_self\"  href=\"https:\/\/mci-technology.com.mx\/en\/innovacion-y-disciplina-lo-que-japon-aporta-a-la-vision-de-mci-technology\/\">Innovaci\u00f3n y Disciplina: Lo que Jap\u00f3n aporta a la visi\u00f3n de MCI Technology<\/a><\/div><\/h2><div class=\"wpr-grid-item-author elementor-repeater-item-8ecc670 wpr-grid-item-display-inline wpr-grid-item-align-left\"><div class=\"inner-block\"><a href=\"https:\/\/mci-technology.com.mx\/en\/author\/rodsotosilva\/\"><span>mcitechnology<\/span><\/a><\/div><\/div><div class=\"wpr-grid-item-separator elementor-repeater-item-35353bd wpr-grid-item-display-inline wpr-grid-item-align-left wpr-grid-sep-style-1\"><div class=\"inner-block\"><span><\/span><\/div><\/div><div class=\"wpr-grid-item-date elementor-repeater-item-1bd9ad4 wpr-grid-item-display-inline wpr-grid-item-align-left\"><div class=\"inner-block\"><span>March 3, 2026<\/span><\/div><\/div><\/div><\/div><\/div><\/div><\/article><article class=\"wpr-mgzn-grid-item elementor-clearfix post-715 post type-post status-publish format-standard has-post-thumbnail hentry category-automatizacion-industrial category-informacion-general\"><div class=\"wpr-grid-item-inner\"><div class=\"wpr-grid-media-wrap\" data-overlay-link=\"yes\"><div class=\"wpr-grid-image-wrap\" data-src=\"https:\/\/mci-technology.com.mx\/wp-content\/uploads\/2022\/07\/iot-1.jpg\" style=\"background-image: url(https:\/\/mci-technology.com.mx\/wp-content\/uploads\/2022\/07\/iot-1.jpg)\"><\/div><div class=\"wpr-grid-media-hover wpr-animation-wrap\"><div class=\"wpr-grid-media-hover-bg  wpr-overlay-fade-out wpr-anim-size-medium wpr-anim-timing-ease-default wpr-anim-transparency\" data-url=\"https:\/\/mci-technology.com.mx\/en\/iot-industrial-en-las-empresas\/\"><\/div><div class=\"wpr-grid-media-hover-bottom elementor-clearfix\"><div class=\"wpr-grid-item-category elementor-repeater-item-5ff3917 wpr-grid-item-display-block wpr-grid-item-align-left wpr-pointer-none wpr-pointer-line-fx wpr-pointer-fx-fade wpr-grid-tax-style-1\"><div class=\"inner-block\"><a class=\"wpr-tax-id-10\" href=\"https:\/\/mci-technology.com.mx\/en\/category\/automatizacion-industrial\/\">Automatizacion Industrial<span class=\"tax-sep\">, <\/span><\/a><a class=\"wpr-tax-id-9\" href=\"https:\/\/mci-technology.com.mx\/en\/category\/informacion-general\/\">Informaci\u00f3n general<\/a><\/div><\/div><div class=\"wpr-grid-item-category elementor-repeater-item-0da9a79 wpr-grid-item-display-block wpr-grid-item-align-left wpr-pointer-none wpr-pointer-line-fx wpr-pointer-fx-fade wpr-grid-tax-style-1\"><div class=\"inner-block\"><a class=\"wpr-tax-id-10\" href=\"https:\/\/mci-technology.com.mx\/en\/category\/automatizacion-industrial\/\">Automatizacion Industrial<span class=\"tax-sep\">, <\/span><\/a><a class=\"wpr-tax-id-9\" href=\"https:\/\/mci-technology.com.mx\/en\/category\/informacion-general\/\">Informaci\u00f3n general<\/a><\/div><\/div><h2 class=\"wpr-grid-item-title elementor-repeater-item-53b6efb wpr-grid-item-display-block wpr-grid-item-align-left wpr-pointer-none wpr-pointer-line-fx wpr-pointer-fx-fade\"><div class=\"inner-block\"><a  target=\"_self\"  href=\"https:\/\/mci-technology.com.mx\/en\/iot-industrial-en-las-empresas\/\">Iot Industrial en las Empresas<\/a><\/div><\/h2><div class=\"wpr-grid-item-author elementor-repeater-item-8ecc670 wpr-grid-item-display-inline wpr-grid-item-align-left\"><div class=\"inner-block\"><a href=\"https:\/\/mci-technology.com.mx\/en\/author\/rodsotosilva\/\"><span>mcitechnology<\/span><\/a><\/div><\/div><div class=\"wpr-grid-item-separator elementor-repeater-item-35353bd wpr-grid-item-display-inline wpr-grid-item-align-left wpr-grid-sep-style-1\"><div class=\"inner-block\"><span><\/span><\/div><\/div><div class=\"wpr-grid-item-date elementor-repeater-item-1bd9ad4 wpr-grid-item-display-inline wpr-grid-item-align-left\"><div class=\"inner-block\"><span>July 15, 2022<\/span><\/div><\/div><\/div><\/div><\/div><\/div><\/article><article class=\"wpr-mgzn-grid-item elementor-clearfix post-754 post type-post status-publish format-standard has-post-thumbnail hentry category-automatizacion-industrial category-informacion-general\"><div class=\"wpr-grid-item-inner\"><div class=\"wpr-grid-media-wrap\" data-overlay-link=\"yes\"><div class=\"wpr-grid-image-wrap\" data-src=\"https:\/\/mci-technology.com.mx\/wp-content\/uploads\/2022\/07\/industria.jpeg\" style=\"background-image: url(https:\/\/mci-technology.com.mx\/wp-content\/uploads\/2022\/07\/industria.jpeg)\"><\/div><div class=\"wpr-grid-media-hover wpr-animation-wrap\"><div class=\"wpr-grid-media-hover-bg  wpr-overlay-fade-out wpr-anim-size-medium wpr-anim-timing-ease-default wpr-anim-transparency\" data-url=\"https:\/\/mci-technology.com.mx\/en\/industria-4\/\"><\/div><div class=\"wpr-grid-media-hover-bottom elementor-clearfix\"><div class=\"wpr-grid-item-category elementor-repeater-item-5ff3917 wpr-grid-item-display-block wpr-grid-item-align-left wpr-pointer-none wpr-pointer-line-fx wpr-pointer-fx-fade wpr-grid-tax-style-1\"><div class=\"inner-block\"><a class=\"wpr-tax-id-10\" href=\"https:\/\/mci-technology.com.mx\/en\/category\/automatizacion-industrial\/\">Automatizacion Industrial<span class=\"tax-sep\">, <\/span><\/a><a class=\"wpr-tax-id-9\" href=\"https:\/\/mci-technology.com.mx\/en\/category\/informacion-general\/\">Informaci\u00f3n general<\/a><\/div><\/div><div class=\"wpr-grid-item-category elementor-repeater-item-0da9a79 wpr-grid-item-display-block wpr-grid-item-align-left wpr-pointer-none wpr-pointer-line-fx wpr-pointer-fx-fade wpr-grid-tax-style-1\"><div class=\"inner-block\"><a class=\"wpr-tax-id-10\" href=\"https:\/\/mci-technology.com.mx\/en\/category\/automatizacion-industrial\/\">Automatizacion Industrial<span class=\"tax-sep\">, <\/span><\/a><a class=\"wpr-tax-id-9\" href=\"https:\/\/mci-technology.com.mx\/en\/category\/informacion-general\/\">Informaci\u00f3n general<\/a><\/div><\/div><h2 class=\"wpr-grid-item-title elementor-repeater-item-53b6efb wpr-grid-item-display-block wpr-grid-item-align-left wpr-pointer-none wpr-pointer-line-fx wpr-pointer-fx-fade\"><div class=\"inner-block\"><a  target=\"_self\"  href=\"https:\/\/mci-technology.com.mx\/en\/industria-4\/\">Industria 4.0<\/a><\/div><\/h2><div class=\"wpr-grid-item-author elementor-repeater-item-8ecc670 wpr-grid-item-display-inline wpr-grid-item-align-left\"><div class=\"inner-block\"><a href=\"https:\/\/mci-technology.com.mx\/en\/author\/rodsotosilva\/\"><span>mcitechnology<\/span><\/a><\/div><\/div><div class=\"wpr-grid-item-separator elementor-repeater-item-35353bd wpr-grid-item-display-inline wpr-grid-item-align-left wpr-grid-sep-style-1\"><div class=\"inner-block\"><span><\/span><\/div><\/div><div class=\"wpr-grid-item-date elementor-repeater-item-1bd9ad4 wpr-grid-item-display-inline wpr-grid-item-align-left\"><div class=\"inner-block\"><span>July 11, 2022<\/span><\/div><\/div><\/div><\/div><\/div><\/div><\/article><\/section><\/div>\t\t\t\t<\/div>\n\t\t\t\t<\/div>\n\t\t\t\t\t<\/div>\n\t\t\t\t<\/div>\n\t\t<div class=\"elementor-element elementor-element-e2ce4e1 e-flex e-con-boxed wpr-particle-no wpr-equal-height-no e-con e-parent\" data-id=\"e2ce4e1\" data-element_type=\"container\" data-e-type=\"container\">\n\t\t\t\t\t<div class=\"e-con-inner\">\n\t\t\t\t<div class=\"elementor-element elementor-element-a06cd2f elementor-widget elementor-widget-spacer\" data-id=\"a06cd2f\" data-element_type=\"widget\" data-e-type=\"widget\" data-widget_type=\"spacer.default\">\n\t\t\t\t<div class=\"elementor-widget-container\">\n\t\t\t\t\t\t\t<div class=\"elementor-spacer\">\n\t\t\t<div class=\"elementor-spacer-inner\"><\/div>\n\t\t<\/div>\n\t\t\t\t\t\t<\/div>\n\t\t\t\t<\/div>\n\t\t\t\t\t<\/div>\n\t\t\t\t<\/div>\n\t\t\t\t<\/div>","protected":false},"excerpt":{"rendered":"<p>BLOG MCI Ent\u00e9rate de las principales noticias de la empresa y art\u00edculos de noticias en com\u00fan con el \u00e1rea industrial. \u200b En este espacio, les mantenemos al tanto de todos los emocionantes avances y eventos de nuestra empresa. Aqu\u00ed encontrar\u00e1n las \u00faltimas noticias, actualizaciones y detalles sobre nuestras iniciativas m\u00e1s recientes. Desde nuevos proyectos hasta destacados hitos en nuestra trayectoria, los invitamos a acompa\u00f1arnos en este viaje lleno de innovaci\u00f3n y crecimiento. \u00a1No te pierdas ni un solo detalle! Eventos MCIEventos MCI Innovaci\u00f3n y Disciplina: Lo que Jap\u00f3n aporta a la visi\u00f3n de MCI Technology mcitechnologymarzo 3, 2026 Automatizacion Industrial, Informaci\u00f3n generalAutomatizacion Industrial, Informaci\u00f3n general Iot Industrial en las Empresas mcitechnologyjulio 15, 2022 Automatizacion Industrial, Informaci\u00f3n generalAutomatizacion Industrial, Informaci\u00f3n general Industria 4.0 mcitechnologyjulio 11, 2022<\/p>","protected":false},"author":1,"featured_media":0,"parent":0,"menu_order":0,"comment_status":"closed","ping_status":"closed","template":"elementor_header_footer","meta":{"footnotes":""},"class_list":["post-181","page","type-page","status-publish","hentry"],"yoast_head":"<!-- This site is optimized with the Yoast SEO plugin v27.4 - https:\/\/yoast.com\/product\/yoast-seo-wordpress\/ -->\n<title>Blog - MCI Technology | Soluciones de ingenieria en automatizaci&oacute;n industrail<\/title>\n<meta name=\"robots\" content=\"index, follow, max-snippet:-1, max-image-preview:large, max-video-preview:-1\" \/>\n<link rel=\"canonical\" href=\"https:\/\/mci-technology.com.mx\/en\/blog\/\" \/>\n<meta property=\"og:locale\" content=\"en_US\" \/>\n<meta property=\"og:type\" content=\"article\" \/>\n<meta property=\"og:title\" content=\"Blog - MCI Technology | Soluciones de ingenieria en automatizaci&oacute;n industrail\" \/>\n<meta property=\"og:description\" content=\"BLOG MCI Ent\u00e9rate de las principales noticias de la empresa y art\u00edculos de noticias en com\u00fan con el \u00e1rea industrial. \u200b En este espacio, les mantenemos al tanto de todos los emocionantes avances y eventos de nuestra empresa. Aqu\u00ed encontrar\u00e1n las \u00faltimas noticias, actualizaciones y detalles sobre nuestras iniciativas m\u00e1s recientes. Desde nuevos proyectos hasta destacados hitos en nuestra trayectoria, los invitamos a acompa\u00f1arnos en este viaje lleno de innovaci\u00f3n y crecimiento. \u00a1No te pierdas ni un solo detalle! Eventos MCIEventos MCI Innovaci\u00f3n y Disciplina: Lo que Jap\u00f3n aporta a la visi\u00f3n de MCI Technology mcitechnologymarzo 3, 2026 Automatizacion Industrial, Informaci\u00f3n generalAutomatizacion Industrial, Informaci\u00f3n general Iot Industrial en las Empresas mcitechnologyjulio 15, 2022 Automatizacion Industrial, Informaci\u00f3n generalAutomatizacion Industrial, Informaci\u00f3n general Industria 4.0 mcitechnologyjulio 11, 2022\" \/>\n<meta property=\"og:url\" content=\"https:\/\/mci-technology.com.mx\/en\/blog\/\" \/>\n<meta property=\"og:site_name\" content=\"MCI Technology | Soluciones de ingenieria en automatizaci&oacute;n industrail\" \/>\n<meta property=\"article:publisher\" content=\"https:\/\/www.facebook.com\/MCITechnology\" \/>\n<meta property=\"article:modified_time\" content=\"2026-03-03T20:17:53+00:00\" \/>\n<meta name=\"twitter:card\" content=\"summary_large_image\" \/>\n<meta name=\"twitter:label1\" content=\"Est. reading time\" \/>\n\t<meta name=\"twitter:data1\" content=\"1 minute\" \/>\n<script type=\"application\/ld+json\" class=\"yoast-schema-graph\">{\"@context\":\"https:\\\/\\\/schema.org\",\"@graph\":[{\"@type\":\"WebPage\",\"@id\":\"https:\\\/\\\/mci-technology.com.mx\\\/blog\\\/\",\"url\":\"https:\\\/\\\/mci-technology.com.mx\\\/blog\\\/\",\"name\":\"Blog - MCI Technology | Soluciones de ingenieria en automatizaci&oacute;n industrail\",\"isPartOf\":{\"@id\":\"https:\\\/\\\/mci-technology.com.mx\\\/#website\"},\"datePublished\":\"2025-01-17T21:54:11+00:00\",\"dateModified\":\"2026-03-03T20:17:53+00:00\",\"breadcrumb\":{\"@id\":\"https:\\\/\\\/mci-technology.com.mx\\\/blog\\\/#breadcrumb\"},\"inLanguage\":\"en-US\",\"potentialAction\":[{\"@type\":\"ReadAction\",\"target\":[\"https:\\\/\\\/mci-technology.com.mx\\\/blog\\\/\"]}]},{\"@type\":\"BreadcrumbList\",\"@id\":\"https:\\\/\\\/mci-technology.com.mx\\\/blog\\\/#breadcrumb\",\"itemListElement\":[{\"@type\":\"ListItem\",\"position\":1,\"name\":\"Inicio\",\"item\":\"https:\\\/\\\/mci-technology.com.mx\\\/\"},{\"@type\":\"ListItem\",\"position\":2,\"name\":\"Blog\"}]},{\"@type\":\"WebSite\",\"@id\":\"https:\\\/\\\/mci-technology.com.mx\\\/#website\",\"url\":\"https:\\\/\\\/mci-technology.com.mx\\\/\",\"name\":\"MCI Technology | Soluciones de ingenieria en automatizaci\u00f3n industrail\",\"description\":\"nos especializamos en el dise&ntilde;o y desarrollo de soluciones y servicios integrales de automatizaci&oacute;n\",\"publisher\":{\"@id\":\"https:\\\/\\\/mci-technology.com.mx\\\/#organization\"},\"potentialAction\":[{\"@type\":\"SearchAction\",\"target\":{\"@type\":\"EntryPoint\",\"urlTemplate\":\"https:\\\/\\\/mci-technology.com.mx\\\/?s={search_term_string}\"},\"query-input\":{\"@type\":\"PropertyValueSpecification\",\"valueRequired\":true,\"valueName\":\"search_term_string\"}}],\"inLanguage\":\"en-US\"},{\"@type\":\"Organization\",\"@id\":\"https:\\\/\\\/mci-technology.com.mx\\\/#organization\",\"name\":\"MCI Technology | Soluciones de ingenieria en automatizaci\u00f3n industrail\",\"url\":\"https:\\\/\\\/mci-technology.com.mx\\\/\",\"logo\":{\"@type\":\"ImageObject\",\"inLanguage\":\"en-US\",\"@id\":\"https:\\\/\\\/mci-technology.com.mx\\\/#\\\/schema\\\/logo\\\/image\\\/\",\"url\":\"https:\\\/\\\/mci-technology.com.mx\\\/wp-content\\\/uploads\\\/2025\\\/01\\\/MCI-Technology-logo-1-1.png\",\"contentUrl\":\"https:\\\/\\\/mci-technology.com.mx\\\/wp-content\\\/uploads\\\/2025\\\/01\\\/MCI-Technology-logo-1-1.png\",\"width\":1127,\"height\":349,\"caption\":\"MCI Technology | Soluciones de ingenieria en automatizaci\u00f3n industrail\"},\"image\":{\"@id\":\"https:\\\/\\\/mci-technology.com.mx\\\/#\\\/schema\\\/logo\\\/image\\\/\"},\"sameAs\":[\"https:\\\/\\\/www.facebook.com\\\/MCITechnology\",\"https:\\\/\\\/www.instagram.com\\\/mci.technology\\\/\",\"https:\\\/\\\/www.linkedin.com\\\/company\\\/mci-technology\\\/?originalSubdomain=mx\"]}]}<\/script>\n<!-- \/ Yoast SEO plugin. -->","yoast_head_json":{"title":"Blog - MCI Technology | Soluciones de ingenieria en automatizaci&oacute;n industrail","robots":{"index":"index","follow":"follow","max-snippet":"max-snippet:-1","max-image-preview":"max-image-preview:large","max-video-preview":"max-video-preview:-1"},"canonical":"https:\/\/mci-technology.com.mx\/en\/blog\/","og_locale":"en_US","og_type":"article","og_title":"Blog - MCI Technology | Soluciones de ingenieria en automatizaci&oacute;n industrail","og_description":"BLOG MCI Ent\u00e9rate de las principales noticias de la empresa y art\u00edculos de noticias en com\u00fan con el \u00e1rea industrial. \u200b En este espacio, les mantenemos al tanto de todos los emocionantes avances y eventos de nuestra empresa. Aqu\u00ed encontrar\u00e1n las \u00faltimas noticias, actualizaciones y detalles sobre nuestras iniciativas m\u00e1s recientes. Desde nuevos proyectos hasta destacados hitos en nuestra trayectoria, los invitamos a acompa\u00f1arnos en este viaje lleno de innovaci\u00f3n y crecimiento. \u00a1No te pierdas ni un solo detalle! Eventos MCIEventos MCI Innovaci\u00f3n y Disciplina: Lo que Jap\u00f3n aporta a la visi\u00f3n de MCI Technology mcitechnologymarzo 3, 2026 Automatizacion Industrial, Informaci\u00f3n generalAutomatizacion Industrial, Informaci\u00f3n general Iot Industrial en las Empresas mcitechnologyjulio 15, 2022 Automatizacion Industrial, Informaci\u00f3n generalAutomatizacion Industrial, Informaci\u00f3n general Industria 4.0 mcitechnologyjulio 11, 2022","og_url":"https:\/\/mci-technology.com.mx\/en\/blog\/","og_site_name":"MCI Technology | Soluciones de ingenieria en automatizaci&oacute;n industrail","article_publisher":"https:\/\/www.facebook.com\/MCITechnology","article_modified_time":"2026-03-03T20:17:53+00:00","twitter_card":"summary_large_image","twitter_misc":{"Est. reading time":"1 minute"},"schema":{"@context":"https:\/\/schema.org","@graph":[{"@type":"WebPage","@id":"https:\/\/mci-technology.com.mx\/blog\/","url":"https:\/\/mci-technology.com.mx\/blog\/","name":"Blog - MCI Technology | Soluciones de ingenieria en automatizaci&oacute;n industrail","isPartOf":{"@id":"https:\/\/mci-technology.com.mx\/#website"},"datePublished":"2025-01-17T21:54:11+00:00","dateModified":"2026-03-03T20:17:53+00:00","breadcrumb":{"@id":"https:\/\/mci-technology.com.mx\/blog\/#breadcrumb"},"inLanguage":"en-US","potentialAction":[{"@type":"ReadAction","target":["https:\/\/mci-technology.com.mx\/blog\/"]}]},{"@type":"BreadcrumbList","@id":"https:\/\/mci-technology.com.mx\/blog\/#breadcrumb","itemListElement":[{"@type":"ListItem","position":1,"name":"Inicio","item":"https:\/\/mci-technology.com.mx\/"},{"@type":"ListItem","position":2,"name":"Blog"}]},{"@type":"WebSite","@id":"https:\/\/mci-technology.com.mx\/#website","url":"https:\/\/mci-technology.com.mx\/","name":"MCI Technology | Soluciones de ingenieria en automatizaci\u00f3n industrail","description":"nos especializamos en el dise&ntilde;o y desarrollo de soluciones y servicios integrales de automatizaci&oacute;n","publisher":{"@id":"https:\/\/mci-technology.com.mx\/#organization"},"potentialAction":[{"@type":"SearchAction","target":{"@type":"EntryPoint","urlTemplate":"https:\/\/mci-technology.com.mx\/?s={search_term_string}"},"query-input":{"@type":"PropertyValueSpecification","valueRequired":true,"valueName":"search_term_string"}}],"inLanguage":"en-US"},{"@type":"Organization","@id":"https:\/\/mci-technology.com.mx\/#organization","name":"MCI Technology | Soluciones de ingenieria en automatizaci\u00f3n industrail","url":"https:\/\/mci-technology.com.mx\/","logo":{"@type":"ImageObject","inLanguage":"en-US","@id":"https:\/\/mci-technology.com.mx\/#\/schema\/logo\/image\/","url":"https:\/\/mci-technology.com.mx\/wp-content\/uploads\/2025\/01\/MCI-Technology-logo-1-1.png","contentUrl":"https:\/\/mci-technology.com.mx\/wp-content\/uploads\/2025\/01\/MCI-Technology-logo-1-1.png","width":1127,"height":349,"caption":"MCI Technology | Soluciones de ingenieria en automatizaci\u00f3n industrail"},"image":{"@id":"https:\/\/mci-technology.com.mx\/#\/schema\/logo\/image\/"},"sameAs":["https:\/\/www.facebook.com\/MCITechnology","https:\/\/www.instagram.com\/mci.technology\/","https:\/\/www.linkedin.com\/company\/mci-technology\/?originalSubdomain=mx"]}]}},"_links":{"self":[{"href":"https:\/\/mci-technology.com.mx\/en\/wp-json\/wp\/v2\/pages\/181","targetHints":{"allow":["GET"]}}],"collection":[{"href":"https:\/\/mci-technology.com.mx\/en\/wp-json\/wp\/v2\/pages"}],"about":[{"href":"https:\/\/mci-technology.com.mx\/en\/wp-json\/wp\/v2\/types\/page"}],"author":[{"embeddable":true,"href":"https:\/\/mci-technology.com.mx\/en\/wp-json\/wp\/v2\/users\/1"}],"replies":[{"embeddable":true,"href":"https:\/\/mci-technology.com.mx\/en\/wp-json\/wp\/v2\/comments?post=181"}],"version-history":[{"count":22,"href":"https:\/\/mci-technology.com.mx\/en\/wp-json\/wp\/v2\/pages\/181\/revisions"}],"predecessor-version":[{"id":29259,"href":"https:\/\/mci-technology.com.mx\/en\/wp-json\/wp\/v2\/pages\/181\/revisions\/29259"}],"wp:attachment":[{"href":"https:\/\/mci-technology.com.mx\/en\/wp-json\/wp\/v2\/media?parent=181"}],"curies":[{"name":"wp","href":"https:\/\/api.w.org\/{rel}","templated":true}]}}